{"id":3,"date":"2021-06-24T13:57:29","date_gmt":"2021-06-24T11:57:29","guid":{"rendered":"http:\/\/hiros.alwaysdata.net\/?page_id=3"},"modified":"2022-03-15T17:59:40","modified_gmt":"2022-03-15T16:59:40","slug":"confidentialite","status":"publish","type":"page","link":"https:\/\/hiros.be\/fr\/confidentialite\/","title":{"rendered":"Confidentialit\u00e9"},"content":{"rendered":"\n<div class=\"wp-container-4 wp-block-columns\">\n<div class=\"wp-container-1 wp-block-column\">\n<h2>1. DISCLAIMER<\/h2>\n\n\n\n<p>Ce site Web est la propri\u00e9t\u00e9 de :<\/p>\n\n\n\n<p>Hiros vzw<br>Rue du Fort 35, 1060 Bruxelles<br>contact@hiros.be<\/p>\n\n\n\n<p>En acc\u00e9dant et en utilisant ce site Web, vous vous d\u00e9clarez express\u00e9ment d&rsquo;accord avec les conditions g\u00e9n\u00e9rales suivantes.<\/p>\n\n\n\n<p><strong>Droits de propri\u00e9t\u00e9 intellectuelle<\/strong><\/p>\n\n\n\n<p>Le contenu de ce site, y compris les logos, textes, images, etc., est prot\u00e9g\u00e9 par des droits de propri\u00e9t\u00e9 intellectuelle et appartient \u00e0 Hiros ou aux tiers qui en d\u00e9tiennent les droits.<\/p>\n\n\n\n<p><strong>Limitation de responsabilit\u00e9<\/strong><\/p>\n\n\n\n<p>Hiros s&rsquo;efforce \u00e0 ce que les informations fournies soient exhaustives, correctes, pr\u00e9cises et mises \u00e0 jour. Nonobstant ces efforts, des inexactitudes peuvent survenir dans les informations fournies. Si les informations fournies sont inexactes ou si certaines informations sont indisponibles sur ou via le site Web, Hiros mettra tout en \u0153uvre pour y rem\u00e9dier dans les plus brefs d\u00e9lais.<\/p>\n\n\n\n<p>Hiros ne peut toutefois pas \u00eatre tenue responsable des dommages directs ou indirects r\u00e9sultant de l&rsquo;utilisation des informations contenues sur ce site.<\/p>\n\n\n\n<p>Si vous constatez que les informations fournies sur le site sont inexactes, vous pouvez prendre contact avec le responsable du site \u00e0 l&rsquo;adresse contact@hiros.be.<\/p>\n\n\n\n<p>Le contenu du site Web, y compris les liens, peut \u00eatre adapt\u00e9, modifi\u00e9 ou compl\u00e9t\u00e9 \u00e0 tout moment sans avis ou notification. <\/p>\n\n\n\n<p>Hiros ne garantit pas le bon fonctionnement du site Web et ne peut en aucun cas \u00eatre tenue responsable d&rsquo;un dysfonctionnement ou d&rsquo;une (in)disponibilit\u00e9 temporaire du site Web ou de toute forme de dommage, direct ou indirect, qui r\u00e9sulterait de l&rsquo;acc\u00e8s ou de l&rsquo;utilisation du site Web.<\/p>\n\n\n\n<p>Hiros ne peut en aucun cas \u00eatre tenue responsable \u00e0 l&rsquo;\u00e9gard de tiers de dommage direct ou indirect, sp\u00e9cial ou autre qui r\u00e9sulterait de l&rsquo;utilisation de ce site Web ou d&rsquo;un autre, en particulier \u00e0 la suite de liens ou d&rsquo;hyperliens, y compris, sans limitation, de toutes pertes, interruptions de travail, dommages \u00e0 des programmes ou autres donn\u00e9es sur le syst\u00e8me informatique, aux appareils, aux logiciels ou autres de l&rsquo;utilisateur.<\/p>\n\n\n\n<p>Le site Web peut comporter des hyperliens vers des sites Web ou des pages de tiers, ou y renvoyer indirectement.<\/p>\n\n\n\n<p>Le placement de liens vers ces sites ou pages n&rsquo;implique en aucun cas une approbation implicite de leur contenu.<\/p>\n\n\n\n<p>Hiros d\u00e9clare express\u00e9ment qu&rsquo;elle n&rsquo;a aucun contr\u00f4le sur le contenu ou d&rsquo;autres caract\u00e9ristiques de ces sites Web et ne peut en aucun cas \u00eatre tenue responsable de leur contenu ou de leurs caract\u00e9ristiques ou de toute autre forme de dommage r\u00e9sultant de leur utilisation.<\/p>\n\n\n\n<p><strong>Droit applicable et tribunaux comp\u00e9tents<\/strong><\/p>\n\n\n\n<p>Le droit belge s&rsquo;applique \u00e0 ce site Web. En cas de litige, seuls les tribunaux de l&rsquo;arrondissement de Bruxelles sont comp\u00e9tents.<\/p>\n<\/div>\n\n\n\n<div class=\"wp-container-2 wp-block-column\">\n<h2>2. <strong><strong>D\u00c9CLARATION DE CONFIDENTIALIT\u00c9<\/strong><\/strong><\/h2>\n\n\n\n<p><strong>\u00c0 propos de nous<\/strong><\/p>\n\n\n\n<p>Hiros est une organisation qui soutient le d\u00e9veloppement de parcours artistiques.<\/p>\n\n\n\n<p><strong>Comment Hiros recueille-t-elle des donn\u00e9es personnelles ?<\/strong><\/p>\n\n\n\n<p>Hiros recueille uniquement les donn\u00e9es personnelles que vous nous communiquez ou que des tiers nous communiquent si cela s&rsquo;av\u00e8re n\u00e9cessaire pour un certain service.<\/p>\n\n\n\n<p><strong>Quelles sont les donn\u00e9es personnelles trait\u00e9es par Hiros et pourquoi ?<\/strong><\/p>\n\n\n\n<p>Newsletter<\/p>\n\n\n\n<p>Hiros collecte les donn\u00e9es personnelles (nom, pr\u00e9nom, organisation et adresse e-mail) lorsque vous vous abonnez \u00e0 notre newsletter. Nous n&rsquo;utiliserons les donn\u00e9es recueillies qu&rsquo;aux fins pour lesquelles nous les avons obtenues.<\/p>\n\n\n\n<p>Cookies<\/p>\n\n\n\n<p>Comme la plupart des services en ligne, notre site web utilise des first-party et third-party cookies pour un certain nombre de raisons. Les cookies sont de petits fichiers texte qui sont utilis\u00e9s pour stocker de petits \u00e9l\u00e9ments d&rsquo;information. Les cookies sont stock\u00e9s sur votre appareil lorsque le site web est charg\u00e9 sur votre navigateur. Ces cookies nous aident \u00e0 faire fonctionner le site web correctement, \u00e0 le rendre plus s\u00fbr, \u00e0 fournir une meilleure exp\u00e9rience utilisateur et \u00e0 comprendre comment le site web fonctionne et \u00e0 analyser ce qui fonctionne et ce qui doit \u00eatre am\u00e9lior\u00e9.<\/p>\n\n\n\n<p><strong>Comment Hiros utilise-t-elle des cookies ?<\/strong><\/p>\n\n\n\n<p>Les first-party cookies sont principalement n\u00e9cessaires au bon fonctionnement du site web et ne collectent aucune de vos donn\u00e9es personnelles identifiables. Les third-party cookies utilis\u00e9s sur nos sites web servent principalement \u00e0 comprendre comment le site web fonctionne, comment vous interagissez avec notre site web, \u00e0 assurer la s\u00e9curit\u00e9 de nos services et, dans l&rsquo;ensemble, \u00e0 vous fournir une exp\u00e9rience utilisateur meilleure et am\u00e9lior\u00e9e et \u00e0 acc\u00e9l\u00e9rer vos interactions futures avec notre site web.<\/p>\n\n\n\n<p><strong>Quels types de cookies utilisons-nous ?<\/strong><\/p>\n\n\n\n<p>Les cookies utilis\u00e9s sur notre site web sont regroup\u00e9s dans les cat\u00e9gories suivantes.<\/p>\n\n\n\n<p>Necessary: Les cookies n\u00e9cessaires sont absolument indispensables au bon fonctionnement du site web. Ces cookies assurent les fonctionnalit\u00e9s de base et les caract\u00e9ristiques de s\u00e9curit\u00e9 du site web, de mani\u00e8re anonyme.<\/p>\n\n\n\n<p>Functional: Les cookies fonctionnels aident \u00e0 r\u00e9aliser certaines fonctionnalit\u00e9s comme le partage du contenu du site web sur les plateformes de m\u00e9dias sociaux, la collecte de commentaires et d&rsquo;autres third-party fonctionnalit\u00e9s.<\/p>\n\n\n\n<p>Performance: Les cookies de performance sont utilis\u00e9s pour comprendre et analyser les indices de performance cl\u00e9s du site web, ce qui permet d&rsquo;offrir une meilleure exp\u00e9rience utilisateur aux visiteurs.<\/p>\n\n\n\n<p>Analytics: Les cookies analytiques sont utilis\u00e9s pour comprendre comment les visiteurs interagissent avec le site web, comme Google Analytics. Ces cookies aident \u00e0 fournir des informations sur les mesures du nombre de visiteurs, le taux de rebond, la source du trafic, etc.<\/p>\n\n\n\n<p>Others: Les autres cookies non cat\u00e9goris\u00e9s sont ceux qui sont en cours d&rsquo;analyse et qui n&rsquo;ont pas encore \u00e9t\u00e9 class\u00e9s dans une cat\u00e9gorie.<\/p>\n<\/div>\n\n\n\n<div class=\"wp-container-3 wp-block-column\">\n<p><strong>Comment puis-je contr\u00f4ler les pr\u00e9f\u00e9rences de cookies ?<\/strong><\/p>\n\n\n\n<p>Vous pouvez g\u00e9rer vos pr\u00e9f\u00e9rences de cookies en cliquant sur le bouton \u00ab\u00a0Settings\u00a0\u00bb et en activant ou d\u00e9sactivant les cat\u00e9gories de cookies sur la fen\u00eatre contextuelle en fonction de vos pr\u00e9f\u00e9rences.<\/p>\n\n\n\n<p><strong>Transmission \u00e0 des tiers<\/strong><\/p>\n\n\n\n<p>Nous partageons vos donn\u00e9es personnelles uniquement avec les prestataires d&rsquo;Hiros si cela s&rsquo;av\u00e8re n\u00e9cessaire pour le bon d\u00e9roulement du service, par exemple pour la gestion des coordonn\u00e9es dans une base de donn\u00e9es, la gestion de notre site Web et son h\u00e9bergement ainsi que la diffusion de notre newsletter. Nous travaillons uniquement avec des prestataires de services qui respectent la l\u00e9gislation sur la vie priv\u00e9e. Nous concluons avec chacune de ces parties externes, un contrat de sous-traitance qui inclut toujours des mesures (techniques) suffisantes afin de garantir autant que possible la s\u00e9curit\u00e9 de vos donn\u00e9es.<\/p>\n\n\n\n<p>Nous ne transmettons jamais vos coordonn\u00e9es \u00e0 des tiers \u00e0 des fins commerciales. Nous ne vendons jamais de donn\u00e9es personnelles \u00e0 des tierces parties et ne les transmettons jamais \u00e0 des tiers sans votre consentement.<\/p>\n\n\n\n<p><strong>Combien de temps Hiros stocke-t-elle des donn\u00e9es personnelles ?<\/strong><\/p>\n\n\n\n<p>Hiros ASBL ne conserve pas les donn\u00e9es personnelles plus longtemps que n\u00e9cessaire aux fins pour lesquelles elles ont \u00e9t\u00e9 communiqu\u00e9es.<\/p>\n\n\n\n<p><strong>Vos droits concernant vos donn\u00e9es<\/strong><\/p>\n\n\n\n<p>Vous avez le droit de consulter, adapter ou supprimer les donn\u00e9es personnelles que vous nous avez communiqu\u00e9es. Vous trouverez au-dessus de la pr\u00e9sente d\u00e9claration de confidentialit\u00e9 nos coordonn\u00e9es de contact.<\/p>\n\n\n\n<p>Vous pouvez \u00e9galement vous opposer au traitement de vos donn\u00e9es personnelles (ou d&rsquo;une partie de celles-ci) par nous ou par l&rsquo;un de nos sous-traitants.<\/p>\n\n\n\n<p>Vous avez \u00e9galement le droit qu&rsquo;on vous transmette les donn\u00e9es que vous nous avez communiqu\u00e9es ou qu&rsquo;on les transmette directement \u00e0 un tiers sur votre demande. Il se peut que nous vous demandions de vous identifier avant de pouvoir r\u00e9pondre aux demandes ci-dessus.<\/p>\n\n\n\n<p><strong>Plaintes<\/strong><\/p>\n\n\n\n<p>Si vous avez une plainte concernant le traitement de vos donn\u00e9es personnelles, veuillez nous contacter imm\u00e9diatement.<\/p>\n\n\n\n<p>Vous avez toujours le droit d&rsquo;introduire une plainte aupr\u00e8s de la Commission de la protection de la vie priv\u00e9e, qui est l&rsquo;autorit\u00e9 de contr\u00f4le dans le domaine de la protection de la vie priv\u00e9e.<\/p>\n\n\n\n<p><strong>Modification de la d\u00e9claration de confidentialit\u00e9<\/strong><\/p>\n\n\n\n<p>Hiros peut modifier sa d\u00e9claration de confidentialit\u00e9. Nous annoncerons cette modification sur notre site Web.<\/p>\n\n\n\n<p><strong>Contact<\/strong><\/p>\n\n\n\n<p>Si apr\u00e8s avoir parcouru notre d\u00e9claration de confidentialit\u00e9, vous avez des questions \u00e0 ce sujet ou si vous souhaitez nous contacter, voici nos coordonn\u00e9es :<\/p>\n\n\n\n<p>Hiros vzw<br>Rue du Fort 35, 1060 Bruxelles<br>contact@hiros.be<br>+32 (0)2 410 63 33<br>BE0862 325 347<\/p>\n<\/div>\n<\/div>\n","protected":false},"excerpt":{"rendered":"<p>1. DISCLAIMER Ce site Web est la propri\u00e9t\u00e9 de : Hiros vzwRue du Fort 35,<\/p>\n","protected":false},"author":1,"featured_media":0,"parent":0,"menu_order":0,"comment_status":"closed","ping_status":"closed","template":"page-policy.php","meta":[],"acf":[],"yoast_head":"<!-- This site is optimized with the Yoast SEO plugin v20.3 - https:\/\/yoast.com\/wordpress\/plugins\/seo\/ -->\n<title>Confidentialit\u00e9 &ndash; Hiros<\/title>\n<meta name=\"robots\" content=\"index, follow, max-snippet:-1, max-image-preview:large, max-video-preview:-1\" \/>\n<link rel=\"canonical\" href=\"https:\/\/hiros.be\/fr\/confidentialite\/\" \/>\n<meta property=\"og:locale\" content=\"fr_FR\" \/>\n<meta property=\"og:type\" content=\"article\" \/>\n<meta property=\"og:title\" content=\"Confidentialit\u00e9 &ndash; Hiros\" \/>\n<meta property=\"og:description\" content=\"1. DISCLAIMER Ce site Web est la propri\u00e9t\u00e9 de : Hiros vzwRue du Fort 35,\" \/>\n<meta property=\"og:url\" content=\"https:\/\/hiros.be\/fr\/confidentialite\/\" \/>\n<meta property=\"og:site_name\" content=\"Hiros\" \/>\n<meta property=\"article:modified_time\" content=\"2022-03-15T16:59:40+00:00\" \/>\n<meta name=\"twitter:card\" content=\"summary_large_image\" \/>\n<meta name=\"twitter:label1\" content=\"Dur\u00e9e de lecture estim\u00e9e\" \/>\n\t<meta name=\"twitter:data1\" content=\"6 minutes\" \/>\n<script type=\"application\/ld+json\" class=\"yoast-schema-graph\">{\"@context\":\"https:\/\/schema.org\",\"@graph\":[{\"@type\":\"WebPage\",\"@id\":\"https:\/\/hiros.be\/fr\/confidentialite\/\",\"url\":\"https:\/\/hiros.be\/fr\/confidentialite\/\",\"name\":\"Confidentialit\u00e9 &ndash; Hiros\",\"isPartOf\":{\"@id\":\"https:\/\/hiros.be\/en\/#website\"},\"datePublished\":\"2021-06-24T11:57:29+00:00\",\"dateModified\":\"2022-03-15T16:59:40+00:00\",\"inLanguage\":\"fr-FR\",\"potentialAction\":[{\"@type\":\"ReadAction\",\"target\":[\"https:\/\/hiros.be\/fr\/confidentialite\/\"]}]},{\"@type\":\"WebSite\",\"@id\":\"https:\/\/hiros.be\/en\/#website\",\"url\":\"https:\/\/hiros.be\/en\/\",\"name\":\"Hiros\",\"description\":\"\",\"publisher\":{\"@id\":\"https:\/\/hiros.be\/en\/#organization\"},\"potentialAction\":[{\"@type\":\"SearchAction\",\"target\":{\"@type\":\"EntryPoint\",\"urlTemplate\":\"https:\/\/hiros.be\/en\/?s={search_term_string}\"},\"query-input\":\"required name=search_term_string\"}],\"inLanguage\":\"fr-FR\"},{\"@type\":\"Organization\",\"@id\":\"https:\/\/hiros.be\/en\/#organization\",\"name\":\"Hiros\",\"url\":\"https:\/\/hiros.be\/en\/\",\"logo\":{\"@type\":\"ImageObject\",\"inLanguage\":\"fr-FR\",\"@id\":\"https:\/\/hiros.be\/en\/#\/schema\/logo\/image\/\",\"url\":\"https:\/\/hiros.be\/wp-content\/uploads\/2021\/07\/Hiros_logo-1.svg\",\"contentUrl\":\"https:\/\/hiros.be\/wp-content\/uploads\/2021\/07\/Hiros_logo-1.svg\",\"caption\":\"Hiros\"},\"image\":{\"@id\":\"https:\/\/hiros.be\/en\/#\/schema\/logo\/image\/\"}}]}<\/script>\n<!-- \/ Yoast SEO plugin. -->","yoast_head_json":{"title":"Confidentialit\u00e9 &ndash; Hiros","robots":{"index":"index","follow":"follow","max-snippet":"max-snippet:-1","max-image-preview":"max-image-preview:large","max-video-preview":"max-video-preview:-1"},"canonical":"https:\/\/hiros.be\/fr\/confidentialite\/","og_locale":"fr_FR","og_type":"article","og_title":"Confidentialit\u00e9 &ndash; Hiros","og_description":"1. DISCLAIMER Ce site Web est la propri\u00e9t\u00e9 de : Hiros vzwRue du Fort 35,","og_url":"https:\/\/hiros.be\/fr\/confidentialite\/","og_site_name":"Hiros","article_modified_time":"2022-03-15T16:59:40+00:00","twitter_card":"summary_large_image","twitter_misc":{"Dur\u00e9e de lecture estim\u00e9e":"6 minutes"},"schema":{"@context":"https:\/\/schema.org","@graph":[{"@type":"WebPage","@id":"https:\/\/hiros.be\/fr\/confidentialite\/","url":"https:\/\/hiros.be\/fr\/confidentialite\/","name":"Confidentialit\u00e9 &ndash; Hiros","isPartOf":{"@id":"https:\/\/hiros.be\/en\/#website"},"datePublished":"2021-06-24T11:57:29+00:00","dateModified":"2022-03-15T16:59:40+00:00","inLanguage":"fr-FR","potentialAction":[{"@type":"ReadAction","target":["https:\/\/hiros.be\/fr\/confidentialite\/"]}]},{"@type":"WebSite","@id":"https:\/\/hiros.be\/en\/#website","url":"https:\/\/hiros.be\/en\/","name":"Hiros","description":"","publisher":{"@id":"https:\/\/hiros.be\/en\/#organization"},"potentialAction":[{"@type":"SearchAction","target":{"@type":"EntryPoint","urlTemplate":"https:\/\/hiros.be\/en\/?s={search_term_string}"},"query-input":"required name=search_term_string"}],"inLanguage":"fr-FR"},{"@type":"Organization","@id":"https:\/\/hiros.be\/en\/#organization","name":"Hiros","url":"https:\/\/hiros.be\/en\/","logo":{"@type":"ImageObject","inLanguage":"fr-FR","@id":"https:\/\/hiros.be\/en\/#\/schema\/logo\/image\/","url":"https:\/\/hiros.be\/wp-content\/uploads\/2021\/07\/Hiros_logo-1.svg","contentUrl":"https:\/\/hiros.be\/wp-content\/uploads\/2021\/07\/Hiros_logo-1.svg","caption":"Hiros"},"image":{"@id":"https:\/\/hiros.be\/en\/#\/schema\/logo\/image\/"}}]}},"_links":{"self":[{"href":"https:\/\/hiros.be\/fr\/wp-json\/wp\/v2\/pages\/3"}],"collection":[{"href":"https:\/\/hiros.be\/fr\/wp-json\/wp\/v2\/pages"}],"about":[{"href":"https:\/\/hiros.be\/fr\/wp-json\/wp\/v2\/types\/page"}],"author":[{"embeddable":true,"href":"https:\/\/hiros.be\/fr\/wp-json\/wp\/v2\/users\/1"}],"replies":[{"embeddable":true,"href":"https:\/\/hiros.be\/fr\/wp-json\/wp\/v2\/comments?post=3"}],"version-history":[{"count":9,"href":"https:\/\/hiros.be\/fr\/wp-json\/wp\/v2\/pages\/3\/revisions"}],"predecessor-version":[{"id":9597,"href":"https:\/\/hiros.be\/fr\/wp-json\/wp\/v2\/pages\/3\/revisions\/9597"}],"wp:attachment":[{"href":"https:\/\/hiros.be\/fr\/wp-json\/wp\/v2\/media?parent=3"}],"curies":[{"name":"wp","href":"https:\/\/api.w.org\/{rel}","templated":true}]}}