{"id":8052,"date":"2021-07-01T15:46:46","date_gmt":"2021-07-01T13:46:46","guid":{"rendered":"https:\/\/hiros.alwaysdata.net\/about-us\/"},"modified":"2026-05-12T11:50:13","modified_gmt":"2026-05-12T09:50:13","slug":"a-propos-de-nous","status":"publish","type":"page","link":"https:\/\/hiros.be\/fr\/a-propos-de-nous\/","title":{"rendered":"\u00c0 propos de nous"},"content":{"rendered":"\n<div class=\"wp-container-3 wp-block-columns\">\n<div class=\"wp-container-1 wp-block-column\">\n<h2>Mission<\/h2>\n\n\n\n<p class=\"separator\">Hiros est une organisation qui soutient le d\u00e9veloppement de parcours artistiques.<\/p>\n\n\n\n<h2>Vision<\/h2>\n\n\n\n<p>Dans la r\u00e9alisation de sa mission, Hiros met en avant la pratique des artistes avec lesquels elle collabore.<\/p>\n\n\n\n<p>Forte de plusieurs ann\u00e9es d&rsquo;expertise, Hiros cr\u00e9e un cadre durable pour tous les aspects de la cr\u00e9ation et de la recherche. La collaboration est d\u00e9termin\u00e9e par l&rsquo;individualit\u00e9 sp\u00e9cifique de chaque cr\u00e9ateur et de chaque proposition artistique.<\/p>\n\n\n\n<p>Partant de la conviction de l&rsquo;importance d&rsquo;un paysage artistique diversifi\u00e9, Hiros collabore avec des cr\u00e9ateurs nouveaux et plus \u00e9tablis proposant des pratiques hybrides dans les arts de la sc\u00e8ne.<\/p>\n\n\n\n<p>Hiros s&rsquo;associe \u00e0 des artistes \u00e0 moyen et long terme et \u00e9tablit avec eux un r\u00e9seau de partenaires national comme \u00e9tranger.<\/p>\n\n\n\n<p class=\"separator\">En faisant partie d&rsquo;un \u00e9cosyst\u00e8me plus large et consciente de la dynamique de la soci\u00e9t\u00e9 et du secteur artistique, Hiros d\u00e9fend les int\u00e9r\u00eats de l&rsquo;artiste individuel, garde l&rsquo;espace pour l&rsquo;exp\u00e9rimentation et l&rsquo;\u00e9chec artistique et d\u00e9veloppe de nouveaux moyens de collaboration et de partage des connaissances.<\/p>\n\n\n\n<h2>M\u00e9thodes de collaboration<\/h2>\n\n\n\n<p>Hiros collabore avec des artistes dans une Collaboration Trajet ou une Collaboration Projet. Nous \u0153uvrons au d\u00e9veloppement du parcours de tous les artistes avec lesquels nous collaborons.<\/p>\n\n\n\n<h3 class=\"ways-of-collaboration\">COLLABORATION TRAJET<\/h3>\n\n\n\n<p>\u00c0 long terme, Hiros offre du soutien dans la pr\u00e9production, la production, la promotion, l&rsquo;administration et la gestion des affaires, la distribution et la gestion des tourn\u00e9es pour tous les projets.<\/p>\n\n\n\n<h3 class=\"ways-of-collaboration\">COLLABORATION PROJET <\/h3>\n\n\n\n<p>Pour un projet sp\u00e9cifique, Hiros offre du soutien dans la pr\u00e9production, la production, la promotion, l&rsquo;administration et la gestion des affaires, la distribution et la gestion de tourn\u00e9e de ce projet.<\/p>\n<\/div>\n\n\n\n<div class=\"wp-container-2 wp-block-column\">\n<h2>Fonctionnement<\/h2>\n\n\n\n<p>Hiros offre un soutien dans les domaines suivants : pr\u00e9production, production, promotion, administration et gestion des affaires, distribution et gestion des tourn\u00e9es.<\/p>\n\n\n\n<p>Dans tous les aspects de son fonctionnement, Hiros travaille en relation avec des partenaires (inter)nationaux, \u00e9galement en dehors du domaine des arts.<\/p>\n\n\n\n<p class=\"separator\">Hiros est soutenue structurellement par le gouvernement flamand conform\u00e9ment au d\u00e9cret sur les arts. Ce financement agit comme un catalyseur pour un travail artistique vari\u00e9.<\/p>\n\n\n\n<h2>Histoire<\/h2>\n\n\n\n<p>Hiros a \u00e9t\u00e9 cr\u00e9\u00e9e en 2015 par la fusion des bureaux de gestion alternatives Margarita Production (\u00b02003, Val\u00e9rie Wolters et Agn\u00e8s Quackels) et Mokum (\u00b02008, Helga Baert).<\/p>\n\n\n\n<p>Le bureau de Hiros est situ\u00e9 dans le m\u00eame b\u00e2timent que workspacebrussels, \u00e0 c\u00f4t\u00e9 de Kaaistudios.<\/p>\n\n\n\n<p class=\"separator\">Le nom Hiros est d\u00e9riv\u00e9 de&nbsp;<em>Hirundo<\/em>, qui signifie hirondelle en latin. Les hirondelles cr\u00e9ent constamment de nouvelles formations pendant leur vol. En tant qu&rsquo;organisation, Hiros est \u00e9galement en constante \u00e9volution, r\u00e9pondant au contexte dans lequel se situent les artistes et leur travail diversifi\u00e9.<\/p>\n\n\n\n<h2>Conseil d&rsquo;administration et assembl\u00e9e g\u00e9n\u00e9rale<\/h2>\n\n\n\n<p>Conseil d&rsquo;administration: Wieter Bloemen (chairman), Frederik Beernaert, Anastasia Tchernokondratenko, Nadia El-Boubsi<\/p>\n\n\n\n<p>Assembl\u00e9e g\u00e9n\u00e9rale: Delphine Hesters, Karlien Vanhoonacker, Goede Nuyttens<\/p>\n\n\n\n<h2>Juist is Juist<\/h2>\n\n\n\n<p>Hiros soutient&nbsp;<a href=\"http:\/\/www.juistisjuist.be\/\" target=\"_blank\" rel=\"noreferrer noopener\">Juist is Juist<\/a>, une plateforme de connaissances et une&nbsp;<em>bo\u00eete \u00e0 outils<\/em>&nbsp;qui d\u00e9finit des principes et des pratiques clairs et \u00e9quitables pour la collaboration dans le secteur artistique.<\/p>\n\n\n\n<figure class=\"wp-block-image size-full is-resized\"><a href=\"http:\/\/www.juistisjuist.be\"><img src=\"https:\/\/hiros.be\/wp-content\/uploads\/2021\/10\/unnamed.jpeg\" alt=\"\" class=\"wp-image-8125\" width=\"115\" height=\"85\"\/><\/a><\/figure>\n<\/div>\n<\/div>\n\n\n<p><!-- \/wp:columns --><\/p>\n<p><!-- \/wp:columns --><\/p>","protected":false},"excerpt":{"rendered":"<p>Mission Hiros est une organisation qui soutient le d\u00e9veloppement de parcours artistiques. Vision Dans la<\/p>\n","protected":false},"author":1,"featured_media":0,"parent":0,"menu_order":0,"comment_status":"closed","ping_status":"closed","template":"page-about.php","meta":[],"acf":[],"yoast_head":"<!-- This site is optimized with the Yoast SEO plugin v20.3 - https:\/\/yoast.com\/wordpress\/plugins\/seo\/ -->\n<title>\u00c0 propos de nous &ndash; Hiros<\/title>\n<meta name=\"robots\" content=\"index, follow, max-snippet:-1, max-image-preview:large, max-video-preview:-1\" \/>\n<link rel=\"canonical\" href=\"https:\/\/hiros.be\/fr\/a-propos-de-nous\/\" \/>\n<meta property=\"og:locale\" content=\"fr_FR\" \/>\n<meta property=\"og:type\" content=\"article\" \/>\n<meta property=\"og:title\" content=\"\u00c0 propos de nous &ndash; Hiros\" \/>\n<meta property=\"og:description\" content=\"Mission Hiros est une organisation qui soutient le d\u00e9veloppement de parcours artistiques. Vision Dans la\" \/>\n<meta property=\"og:url\" content=\"https:\/\/hiros.be\/fr\/a-propos-de-nous\/\" \/>\n<meta property=\"og:site_name\" content=\"Hiros\" \/>\n<meta property=\"article:modified_time\" content=\"2026-05-12T09:50:13+00:00\" \/>\n<meta property=\"og:image\" content=\"https:\/\/hiros.be\/wp-content\/uploads\/2021\/10\/unnamed.jpeg\" \/>\n<meta name=\"twitter:card\" content=\"summary_large_image\" \/>\n<meta name=\"twitter:label1\" content=\"Dur\u00e9e de lecture estim\u00e9e\" \/>\n\t<meta name=\"twitter:data1\" content=\"3 minutes\" \/>\n<script type=\"application\/ld+json\" class=\"yoast-schema-graph\">{\"@context\":\"https:\/\/schema.org\",\"@graph\":[{\"@type\":\"WebPage\",\"@id\":\"https:\/\/hiros.be\/fr\/a-propos-de-nous\/\",\"url\":\"https:\/\/hiros.be\/fr\/a-propos-de-nous\/\",\"name\":\"\u00c0 propos de nous &ndash; Hiros\",\"isPartOf\":{\"@id\":\"https:\/\/hiros.be\/en\/#website\"},\"datePublished\":\"2021-07-01T13:46:46+00:00\",\"dateModified\":\"2026-05-12T09:50:13+00:00\",\"inLanguage\":\"fr-FR\",\"potentialAction\":[{\"@type\":\"ReadAction\",\"target\":[\"https:\/\/hiros.be\/fr\/a-propos-de-nous\/\"]}]},{\"@type\":\"WebSite\",\"@id\":\"https:\/\/hiros.be\/en\/#website\",\"url\":\"https:\/\/hiros.be\/en\/\",\"name\":\"Hiros\",\"description\":\"\",\"publisher\":{\"@id\":\"https:\/\/hiros.be\/en\/#organization\"},\"potentialAction\":[{\"@type\":\"SearchAction\",\"target\":{\"@type\":\"EntryPoint\",\"urlTemplate\":\"https:\/\/hiros.be\/en\/?s={search_term_string}\"},\"query-input\":\"required name=search_term_string\"}],\"inLanguage\":\"fr-FR\"},{\"@type\":\"Organization\",\"@id\":\"https:\/\/hiros.be\/en\/#organization\",\"name\":\"Hiros\",\"url\":\"https:\/\/hiros.be\/en\/\",\"logo\":{\"@type\":\"ImageObject\",\"inLanguage\":\"fr-FR\",\"@id\":\"https:\/\/hiros.be\/en\/#\/schema\/logo\/image\/\",\"url\":\"https:\/\/hiros.be\/wp-content\/uploads\/2021\/07\/Hiros_logo-1.svg\",\"contentUrl\":\"https:\/\/hiros.be\/wp-content\/uploads\/2021\/07\/Hiros_logo-1.svg\",\"caption\":\"Hiros\"},\"image\":{\"@id\":\"https:\/\/hiros.be\/en\/#\/schema\/logo\/image\/\"}}]}<\/script>\n<!-- \/ Yoast SEO plugin. -->","yoast_head_json":{"title":"\u00c0 propos de nous &ndash; Hiros","robots":{"index":"index","follow":"follow","max-snippet":"max-snippet:-1","max-image-preview":"max-image-preview:large","max-video-preview":"max-video-preview:-1"},"canonical":"https:\/\/hiros.be\/fr\/a-propos-de-nous\/","og_locale":"fr_FR","og_type":"article","og_title":"\u00c0 propos de nous &ndash; Hiros","og_description":"Mission Hiros est une organisation qui soutient le d\u00e9veloppement de parcours artistiques. Vision Dans la","og_url":"https:\/\/hiros.be\/fr\/a-propos-de-nous\/","og_site_name":"Hiros","article_modified_time":"2026-05-12T09:50:13+00:00","og_image":[{"url":"https:\/\/hiros.be\/wp-content\/uploads\/2021\/10\/unnamed.jpeg"}],"twitter_card":"summary_large_image","twitter_misc":{"Dur\u00e9e de lecture estim\u00e9e":"3 minutes"},"schema":{"@context":"https:\/\/schema.org","@graph":[{"@type":"WebPage","@id":"https:\/\/hiros.be\/fr\/a-propos-de-nous\/","url":"https:\/\/hiros.be\/fr\/a-propos-de-nous\/","name":"\u00c0 propos de nous &ndash; Hiros","isPartOf":{"@id":"https:\/\/hiros.be\/en\/#website"},"datePublished":"2021-07-01T13:46:46+00:00","dateModified":"2026-05-12T09:50:13+00:00","inLanguage":"fr-FR","potentialAction":[{"@type":"ReadAction","target":["https:\/\/hiros.be\/fr\/a-propos-de-nous\/"]}]},{"@type":"WebSite","@id":"https:\/\/hiros.be\/en\/#website","url":"https:\/\/hiros.be\/en\/","name":"Hiros","description":"","publisher":{"@id":"https:\/\/hiros.be\/en\/#organization"},"potentialAction":[{"@type":"SearchAction","target":{"@type":"EntryPoint","urlTemplate":"https:\/\/hiros.be\/en\/?s={search_term_string}"},"query-input":"required name=search_term_string"}],"inLanguage":"fr-FR"},{"@type":"Organization","@id":"https:\/\/hiros.be\/en\/#organization","name":"Hiros","url":"https:\/\/hiros.be\/en\/","logo":{"@type":"ImageObject","inLanguage":"fr-FR","@id":"https:\/\/hiros.be\/en\/#\/schema\/logo\/image\/","url":"https:\/\/hiros.be\/wp-content\/uploads\/2021\/07\/Hiros_logo-1.svg","contentUrl":"https:\/\/hiros.be\/wp-content\/uploads\/2021\/07\/Hiros_logo-1.svg","caption":"Hiros"},"image":{"@id":"https:\/\/hiros.be\/en\/#\/schema\/logo\/image\/"}}]}},"_links":{"self":[{"href":"https:\/\/hiros.be\/fr\/wp-json\/wp\/v2\/pages\/8052"}],"collection":[{"href":"https:\/\/hiros.be\/fr\/wp-json\/wp\/v2\/pages"}],"about":[{"href":"https:\/\/hiros.be\/fr\/wp-json\/wp\/v2\/types\/page"}],"author":[{"embeddable":true,"href":"https:\/\/hiros.be\/fr\/wp-json\/wp\/v2\/users\/1"}],"replies":[{"embeddable":true,"href":"https:\/\/hiros.be\/fr\/wp-json\/wp\/v2\/comments?post=8052"}],"version-history":[{"count":62,"href":"https:\/\/hiros.be\/fr\/wp-json\/wp\/v2\/pages\/8052\/revisions"}],"predecessor-version":[{"id":12610,"href":"https:\/\/hiros.be\/fr\/wp-json\/wp\/v2\/pages\/8052\/revisions\/12610"}],"wp:attachment":[{"href":"https:\/\/hiros.be\/fr\/wp-json\/wp\/v2\/media?parent=8052"}],"curies":[{"name":"wp","href":"https:\/\/api.w.org\/{rel}","templated":true}]}}