{"id":8054,"date":"2021-07-01T15:45:56","date_gmt":"2021-07-01T13:45:56","guid":{"rendered":"https:\/\/hiros.alwaysdata.net\/artists\/"},"modified":"2021-12-02T12:38:43","modified_gmt":"2021-12-02T11:38:43","slug":"tous-les-artistes","status":"publish","type":"page","link":"https:\/\/hiros.be\/fr\/tous-les-artistes\/","title":{"rendered":"Artistes"},"content":{"rendered":"\n<p>Hiros met en avant la pratique des artistes. La collaboration est d\u00e9termin\u00e9e par l&rsquo;individualit\u00e9 sp\u00e9cifique de chaque cr\u00e9ateur et de chaque proposition artistique. Hiros s&rsquo;associe \u00e0 des artistes dans une Collaboration Trajet ou une Collaboration Projet. Nous \u0153uvrons au d\u00e9veloppement du parcours de tous les artistes avec lesquels nous collaborons. Pour en savoir plus sur ce que nous faisons, consultez notre page <a href=\"https:\/\/hiros.be\/fr\/a-propos-de-nous\/\">\u00c0 PROPOS DE NOUS<\/a>.<\/p>\n\n\n\n<h2 class=\"section-title white ways-of-collaboration\"><a href=\"https:\/\/hiros.be\/fr\/a-propos-de-nous\/\">collaboration trajet<\/a><\/h2>\n\n\n\n<p>\u00c0 long terme, Hiros offre du soutien dans la pr\u00e9production, la production, la promotion, l&rsquo;administration et la gestion des affaires, la distribution et la gestion des tourn\u00e9es pour tous les projets.<\/p>\n\n\n\n<h2 class=\"section-title white ways-of-collaboration\"><a href=\"https:\/\/hiros.be\/fr\/a-propos-de-nous\/\">collaboration projet<\/a><\/h2>\n\n\n\n<p>Pour un projet sp\u00e9cifique, Hiros offre du soutien dans la pr\u00e9production, la production, la promotion, l&rsquo;administration et la gestion des affaires, la distribution et la gestion de tourn\u00e9e de ce projet.<\/p>\n","protected":false},"excerpt":{"rendered":"<p>Hiros met en avant la pratique des artistes. La collaboration est d\u00e9termin\u00e9e par l&rsquo;individualit\u00e9 sp\u00e9cifique<\/p>\n","protected":false},"author":1,"featured_media":0,"parent":0,"menu_order":0,"comment_status":"closed","ping_status":"closed","template":"page-artists-overview.php","meta":[],"acf":[],"yoast_head":"<!-- This site is optimized with the Yoast SEO plugin v20.3 - https:\/\/yoast.com\/wordpress\/plugins\/seo\/ -->\n<title>Artistes &ndash; Hiros<\/title>\n<meta name=\"robots\" content=\"index, follow, max-snippet:-1, max-image-preview:large, max-video-preview:-1\" \/>\n<link rel=\"canonical\" href=\"https:\/\/hiros.be\/fr\/tous-les-artistes\/\" \/>\n<meta property=\"og:locale\" content=\"fr_FR\" \/>\n<meta property=\"og:type\" content=\"article\" \/>\n<meta property=\"og:title\" content=\"Artistes &ndash; Hiros\" \/>\n<meta property=\"og:description\" content=\"Hiros met en avant la pratique des artistes. La collaboration est d\u00e9termin\u00e9e par l&rsquo;individualit\u00e9 sp\u00e9cifique\" \/>\n<meta property=\"og:url\" content=\"https:\/\/hiros.be\/fr\/tous-les-artistes\/\" \/>\n<meta property=\"og:site_name\" content=\"Hiros\" \/>\n<meta property=\"article:modified_time\" content=\"2021-12-02T11:38:43+00:00\" \/>\n<meta name=\"twitter:card\" content=\"summary_large_image\" \/>\n<meta name=\"twitter:label1\" content=\"Dur\u00e9e de lecture estim\u00e9e\" \/>\n\t<meta name=\"twitter:data1\" content=\"1 minute\" \/>\n<script type=\"application\/ld+json\" class=\"yoast-schema-graph\">{\"@context\":\"https:\/\/schema.org\",\"@graph\":[{\"@type\":\"WebPage\",\"@id\":\"https:\/\/hiros.be\/fr\/tous-les-artistes\/\",\"url\":\"https:\/\/hiros.be\/fr\/tous-les-artistes\/\",\"name\":\"Artistes &ndash; Hiros\",\"isPartOf\":{\"@id\":\"https:\/\/hiros.be\/en\/#website\"},\"datePublished\":\"2021-07-01T13:45:56+00:00\",\"dateModified\":\"2021-12-02T11:38:43+00:00\",\"inLanguage\":\"fr-FR\",\"potentialAction\":[{\"@type\":\"ReadAction\",\"target\":[\"https:\/\/hiros.be\/fr\/tous-les-artistes\/\"]}]},{\"@type\":\"WebSite\",\"@id\":\"https:\/\/hiros.be\/en\/#website\",\"url\":\"https:\/\/hiros.be\/en\/\",\"name\":\"Hiros\",\"description\":\"\",\"publisher\":{\"@id\":\"https:\/\/hiros.be\/en\/#organization\"},\"potentialAction\":[{\"@type\":\"SearchAction\",\"target\":{\"@type\":\"EntryPoint\",\"urlTemplate\":\"https:\/\/hiros.be\/en\/?s={search_term_string}\"},\"query-input\":\"required name=search_term_string\"}],\"inLanguage\":\"fr-FR\"},{\"@type\":\"Organization\",\"@id\":\"https:\/\/hiros.be\/en\/#organization\",\"name\":\"Hiros\",\"url\":\"https:\/\/hiros.be\/en\/\",\"logo\":{\"@type\":\"ImageObject\",\"inLanguage\":\"fr-FR\",\"@id\":\"https:\/\/hiros.be\/en\/#\/schema\/logo\/image\/\",\"url\":\"https:\/\/hiros.be\/wp-content\/uploads\/2021\/07\/Hiros_logo-1.svg\",\"contentUrl\":\"https:\/\/hiros.be\/wp-content\/uploads\/2021\/07\/Hiros_logo-1.svg\",\"caption\":\"Hiros\"},\"image\":{\"@id\":\"https:\/\/hiros.be\/en\/#\/schema\/logo\/image\/\"}}]}<\/script>\n<!-- \/ Yoast SEO plugin. -->","yoast_head_json":{"title":"Artistes &ndash; Hiros","robots":{"index":"index","follow":"follow","max-snippet":"max-snippet:-1","max-image-preview":"max-image-preview:large","max-video-preview":"max-video-preview:-1"},"canonical":"https:\/\/hiros.be\/fr\/tous-les-artistes\/","og_locale":"fr_FR","og_type":"article","og_title":"Artistes &ndash; Hiros","og_description":"Hiros met en avant la pratique des artistes. La collaboration est d\u00e9termin\u00e9e par l&rsquo;individualit\u00e9 sp\u00e9cifique","og_url":"https:\/\/hiros.be\/fr\/tous-les-artistes\/","og_site_name":"Hiros","article_modified_time":"2021-12-02T11:38:43+00:00","twitter_card":"summary_large_image","twitter_misc":{"Dur\u00e9e de lecture estim\u00e9e":"1 minute"},"schema":{"@context":"https:\/\/schema.org","@graph":[{"@type":"WebPage","@id":"https:\/\/hiros.be\/fr\/tous-les-artistes\/","url":"https:\/\/hiros.be\/fr\/tous-les-artistes\/","name":"Artistes &ndash; Hiros","isPartOf":{"@id":"https:\/\/hiros.be\/en\/#website"},"datePublished":"2021-07-01T13:45:56+00:00","dateModified":"2021-12-02T11:38:43+00:00","inLanguage":"fr-FR","potentialAction":[{"@type":"ReadAction","target":["https:\/\/hiros.be\/fr\/tous-les-artistes\/"]}]},{"@type":"WebSite","@id":"https:\/\/hiros.be\/en\/#website","url":"https:\/\/hiros.be\/en\/","name":"Hiros","description":"","publisher":{"@id":"https:\/\/hiros.be\/en\/#organization"},"potentialAction":[{"@type":"SearchAction","target":{"@type":"EntryPoint","urlTemplate":"https:\/\/hiros.be\/en\/?s={search_term_string}"},"query-input":"required name=search_term_string"}],"inLanguage":"fr-FR"},{"@type":"Organization","@id":"https:\/\/hiros.be\/en\/#organization","name":"Hiros","url":"https:\/\/hiros.be\/en\/","logo":{"@type":"ImageObject","inLanguage":"fr-FR","@id":"https:\/\/hiros.be\/en\/#\/schema\/logo\/image\/","url":"https:\/\/hiros.be\/wp-content\/uploads\/2021\/07\/Hiros_logo-1.svg","contentUrl":"https:\/\/hiros.be\/wp-content\/uploads\/2021\/07\/Hiros_logo-1.svg","caption":"Hiros"},"image":{"@id":"https:\/\/hiros.be\/en\/#\/schema\/logo\/image\/"}}]}},"_links":{"self":[{"href":"https:\/\/hiros.be\/fr\/wp-json\/wp\/v2\/pages\/8054"}],"collection":[{"href":"https:\/\/hiros.be\/fr\/wp-json\/wp\/v2\/pages"}],"about":[{"href":"https:\/\/hiros.be\/fr\/wp-json\/wp\/v2\/types\/page"}],"author":[{"embeddable":true,"href":"https:\/\/hiros.be\/fr\/wp-json\/wp\/v2\/users\/1"}],"replies":[{"embeddable":true,"href":"https:\/\/hiros.be\/fr\/wp-json\/wp\/v2\/comments?post=8054"}],"version-history":[{"count":15,"href":"https:\/\/hiros.be\/fr\/wp-json\/wp\/v2\/pages\/8054\/revisions"}],"predecessor-version":[{"id":9343,"href":"https:\/\/hiros.be\/fr\/wp-json\/wp\/v2\/pages\/8054\/revisions\/9343"}],"wp:attachment":[{"href":"https:\/\/hiros.be\/fr\/wp-json\/wp\/v2\/media?parent=8054"}],"curies":[{"name":"wp","href":"https:\/\/api.w.org\/{rel}","templated":true}]}}